{"id":136,"date":"2017-12-06T18:26:11","date_gmt":"2017-12-06T18:26:11","guid":{"rendered":"https:\/\/www.ipthome.es\/?page_id=136"},"modified":"2026-02-03T16:37:07","modified_gmt":"2026-02-03T16:37:07","slug":"sobre-nosotros","status":"publish","type":"page","link":"https:\/\/www.ipthome.es\/index.php\/sobre-nosotros\/","title":{"rendered":"Sobre Nosotros"},"content":{"rendered":"<div id=\"#intro\" class=\"fusion-container-anchor\"><div class=\"fusion-fullwidth fullwidth-box fusion-builder-row-1 fusion-flex-container nonhundred-percent-fullwidth non-hundred-percent-height-scrolling\" style=\"--awb-border-radius-top-left:0px;--awb-border-radius-top-right:0px;--awb-border-radius-bottom-right:0px;--awb-border-radius-bottom-left:0px;--awb-padding-top:120px;--awb-padding-bottom:80px;--awb-padding-top-medium:70px;--awb-flex-wrap:wrap;\" ><div class=\"fusion-builder-row fusion-row fusion-flex-align-items-flex-start fusion-flex-content-wrap\" style=\"max-width:calc( 1170px + 0px );margin-left: calc(-0px \/ 2 );margin-right: calc(-0px \/ 2 );\"><div class=\"fusion-layout-column fusion_builder_column fusion-builder-column-0 fusion_builder_column_1_1 1_1 fusion-flex-column\" style=\"--awb-bg-size:cover;--awb-width-large:100%;--awb-margin-top-large:0px;--awb-spacing-right-large:0px;--awb-margin-bottom-large:20px;--awb-spacing-left-large:0px;--awb-width-medium:100%;--awb-spacing-right-medium:0px;--awb-spacing-left-medium:0px;--awb-width-small:100%;--awb-spacing-right-small:0px;--awb-spacing-left-small:0px;\"><div class=\"fusion-column-wrapper fusion-flex-justify-content-flex-start fusion-content-layout-column\"><div class=\"fusion-title title fusion-title-1 fusion-title-text fusion-title-size-two\"><div class=\"title-sep-container title-sep-container-left fusion-no-large-visibility fusion-no-medium-visibility fusion-no-small-visibility\"><div class=\"title-sep sep- sep-solid\" style=\"border-color:#e0dede;\"><\/div><\/div><span class=\"awb-title-spacer fusion-no-large-visibility fusion-no-medium-visibility fusion-no-small-visibility\"><\/span><h2 class=\"fusion-title-heading title-heading-left fusion-responsive-typography-calculated\" style=\"margin:0;--fontSize:60;line-height:1.3;\">Confianza, profesionalidad y cercan\u00eda<\/h2><span class=\"awb-title-spacer\"><\/span><div class=\"title-sep-container title-sep-container-right\"><div class=\"title-sep sep- sep-solid\" style=\"border-color:#e0dede;\"><\/div><\/div><\/div><div class=\"fusion-separator fusion-full-width-sep\" style=\"align-self: center;margin-left: auto;margin-right: auto;margin-top:90px;width:100%;\"><\/div><div class=\"fusion-text fusion-text-1\"><p data-start=\"309\" data-end=\"703\">En <strong data-start=\"312\" data-end=\"324\">IPT Home<\/strong> sabemos lo importante que es para ti y tu familia encontrar un lugar seguro, c\u00f3modo y agradable para vivir durante tus estudios universitarios. Por eso hemos creado un espacio pensado especialmente para estudiantes, donde la tranquilidad, la convivencia y el bienestar se combinan para que puedas rendir al m\u00e1ximo en tu formaci\u00f3n acad\u00e9mica.<\/p>\n<p data-start=\"705\" data-end=\"991\">Nuestra residencia est\u00e1 dise\u00f1ada para ofrecer <strong data-start=\"751\" data-end=\"815\">habitaciones individuales con ba\u00f1o privado y zona de estudio<\/strong>, as\u00ed como <strong data-start=\"826\" data-end=\"878\">espacios comunes amplios, luminosos y acogedores<\/strong>, que fomentan tanto la concentraci\u00f3n como las relaciones entre compa\u00f1eros.<\/p>\n<p data-start=\"993\" data-end=\"1239\">En IPT Home cuidamos cada detalle: desde la luz natural y la climatizaci\u00f3n hasta una cocina equipada que se convierte en punto de encuentro y un ambiente ideal para compartir tus momentos fuera de las clases.<\/p>\n<p data-start=\"1241\" data-end=\"1547\">Adem\u00e1s, ofrecemos servicios pensados para tu comodidad diaria, como <strong data-start=\"1309\" data-end=\"1329\">pensi\u00f3n completa<\/strong>, <strong data-start=\"1331\" data-end=\"1375\">limpieza de zonas comunes y habitaciones<\/strong>, y cambios regulares de s\u00e1banas y toallas, para que t\u00fa solo tengas que preocuparte por estudiar y disfrutar de tu vida universitaria.<\/p>\n<p data-start=\"1549\" data-end=\"1801\">Nuestro compromiso es acompa\u00f1arte con profesionalidad, respeto y calidez, sabiendo que detr\u00e1s de cada estudiante hay sue\u00f1os, inquietudes y expectativas. En IPT Home no solo encontrar\u00e1s un lugar para vivir, sino un entorno donde sentirte como en casa.<\/p>\n<\/div><div class=\"fusion-form fusion-form-builder fusion-form-form-wrapper fusion-form-422\" style=\"--awb-tooltip-text-color:#ffffff;--awb-tooltip-background-color:#333333;\" data-form-id=\"422\" data-config=\"{&quot;form_id&quot;:&quot;422&quot;,&quot;form_post_id&quot;:&quot;422&quot;,&quot;post_id&quot;:136,&quot;form_type&quot;:&quot;ajax&quot;,&quot;confirmation_type&quot;:&quot;message&quot;,&quot;redirect_url&quot;:&quot;&quot;,&quot;field_labels&quot;:{&quot;nombre&quot;:&quot;&quot;,&quot;email&quot;:&quot;&quot;,&quot;comentarios&quot;:&quot;&quot;},&quot;field_logics&quot;:{&quot;nombre&quot;:&quot;&quot;,&quot;email&quot;:&quot;&quot;,&quot;comentarios&quot;:&quot;&quot;,&quot;notice_1&quot;:&quot;&quot;},&quot;field_types&quot;:{&quot;nombre&quot;:&quot;text&quot;,&quot;email&quot;:&quot;email&quot;,&quot;comentarios&quot;:&quot;textarea&quot;,&quot;submit_1&quot;:&quot;submit&quot;,&quot;notice_1&quot;:&quot;notice&quot;},&quot;nonce_method&quot;:&quot;ajax&quot;}\"><form action=\"https:\/\/www.ipthome.es\/index.php\/sobre-nosotros\/\" method=\"post\" class=\"fusion-form fusion-form-422\"><div class=\"fusion-fullwidth fullwidth-box fusion-builder-row-1-1 fusion-flex-container nonhundred-percent-fullwidth non-hundred-percent-height-scrolling\" style=\"--awb-border-radius-top-left:0px;--awb-border-radius-top-right:0px;--awb-border-radius-bottom-right:0px;--awb-border-radius-bottom-left:0px;--awb-padding-top:0px;--awb-padding-right:0px;--awb-padding-bottom:0px;--awb-padding-left:0px;--awb-flex-wrap:wrap;\" ><div class=\"fusion-builder-row fusion-row fusion-flex-align-items-flex-start fusion-flex-content-wrap\" style=\"width:104% !important;max-width:104% !important;margin-left: calc(-4% \/ 2 );margin-right: calc(-4% \/ 2 );\"><div class=\"fusion-layout-column fusion_builder_column fusion-builder-column-1 fusion_builder_column_1_1 1_1 fusion-flex-column\" style=\"--awb-bg-size:cover;--awb-width-large:100%;--awb-margin-top-large:0px;--awb-spacing-right-large:1.92%;--awb-margin-bottom-large:20px;--awb-spacing-left-large:1.92%;--awb-width-medium:100%;--awb-order-medium:0;--awb-spacing-right-medium:1.92%;--awb-spacing-left-medium:1.92%;--awb-width-small:100%;--awb-order-small:0;--awb-spacing-right-small:1.92%;--awb-spacing-left-small:1.92%;\"><div class=\"fusion-column-wrapper fusion-column-has-shadow fusion-flex-justify-content-flex-start fusion-content-layout-column\"><div class=\"fusion-form-field fusion-form-text-field fusion-form-label-above\" style=\"\" data-form-id=\"422\"><input type=\"text\" name=\"nombre\" id=\"nombre\" value=\"\"  class=\"fusion-form-input\" required=\"true\" aria-required=\"true\" placeholder=\"Nombre*\" data-holds-private-data=\"false\" minlength=\"0\"\/><\/div><div class=\"fusion-form-field fusion-form-email-field fusion-form-label-above\" style=\"\" data-form-id=\"422\"><input type=\"email\" name=\"email\" id=\"email\" value=\"\"  class=\"fusion-form-input\" required=\"true\" aria-required=\"true\" placeholder=\"Email*\" data-holds-private-data=\"false\"\/><\/div><div class=\"fusion-form-field fusion-form-textarea-field fusion-form-label-above\" style=\"\" data-form-id=\"422\"><textarea cols=\"40\"  minlength=\"0\"  rows=\"4\" tabindex=\"\" id=\"comentarios\" name=\"comentarios\" class=\"fusion-form-input\" required=\"true\" aria-required=\"true\" placeholder=\"Comentarios*\" data-holds-private-data=\"false\"><\/textarea><\/div><div class=\"fusion-form-field fusion-form-submit-field fusion-form-label-above\" style=\"\" data-form-id=\"422\"><div ><button type=\"submit\" class=\"fusion-button button-flat fusion-button-default-size button-default fusion-button-default button-1 fusion-button-default-span  form-form-submit button-default\" data-form-number=\"422\" tabindex=\"\"><span class=\"fusion-button-text\">Enviar<\/span><\/button><\/div><\/div><\/div><\/div><div class=\"fusion-layout-column fusion_builder_column fusion-builder-column-2 fusion_builder_column_1_1 1_1 fusion-flex-column\" style=\"--awb-bg-size:cover;--awb-width-large:100%;--awb-margin-top-large:0px;--awb-spacing-right-large:1.92%;--awb-margin-bottom-large:0px;--awb-spacing-left-large:1.92%;--awb-width-medium:100%;--awb-order-medium:0;--awb-spacing-right-medium:1.92%;--awb-spacing-left-medium:1.92%;--awb-width-small:100%;--awb-order-small:0;--awb-spacing-right-small:1.92%;--awb-spacing-left-small:1.92%;\"><div class=\"fusion-column-wrapper fusion-column-has-shadow fusion-flex-justify-content-flex-start fusion-content-layout-column\"><div class=\"form-submission-notices data-notice_1\" id=\"fusion-notices-1\"><div class=\"fusion-alert alert success alert-success fusion-alert-center fusion-form-response fusion-form-response-success fusion-alert-capitalize awb-alert-native-link-color alert-dismissable awb-alert-close-boxed\" role=\"alert\"><div class=\"fusion-alert-content-wrapper\"><span class=\"alert-icon\"><i class=\"awb-icon-check-circle\" aria-hidden=\"true\"><\/i><\/span><span class=\"fusion-alert-content\">El mensaje se ha enviado<\/span><\/div><button type=\"button\" class=\"close toggle-alert\" data-dismiss=\"alert\" aria-label=\"Close\">&times;<\/button><\/div><div class=\"fusion-alert alert error alert-danger fusion-alert-center fusion-form-response fusion-form-response-error fusion-alert-capitalize awb-alert-native-link-color alert-dismissable awb-alert-close-boxed\" role=\"alert\"><div class=\"fusion-alert-content-wrapper\"><span class=\"alert-icon\"><i class=\"awb-icon-exclamation-triangle\" aria-hidden=\"true\"><\/i><\/span><span class=\"fusion-alert-content\">Se ha producido un error al enviar el mensaje<\/span><\/div><button type=\"button\" class=\"close toggle-alert\" data-dismiss=\"alert\" aria-label=\"Close\">&times;<\/button><\/div><\/div><\/div><\/div><\/div><\/div><\/form><\/div><\/div><\/div><\/div><\/div><\/div>\n","protected":false},"excerpt":{"rendered":"","protected":false},"author":1,"featured_media":0,"parent":0,"menu_order":0,"comment_status":"closed","ping_status":"closed","template":"100-width.php","meta":{"footnotes":""},"class_list":["post-136","page","type-page","status-publish","hentry"],"yoast_head":"<!-- This site is optimized with the Yoast SEO plugin v26.9 - https:\/\/yoast.com\/product\/yoast-seo-wordpress\/ -->\n<title>Sobre Nosotros - IPT Home<\/title>\n<meta name=\"description\" content=\"IPT Home Confianza, profesionalidad y cercan\u00eda. Nuestro compromiso es acompa\u00f1arte con profesionalidad, respeto y calidez.\" \/>\n<meta name=\"robots\" content=\"index, follow, max-snippet:-1, max-image-preview:large, max-video-preview:-1\" \/>\n<link rel=\"canonical\" href=\"https:\/\/www.ipthome.es\/index.php\/sobre-nosotros\/\" \/>\n<meta property=\"og:locale\" content=\"es_ES\" \/>\n<meta property=\"og:type\" content=\"article\" \/>\n<meta property=\"og:title\" content=\"Sobre Nosotros - IPT Home\" \/>\n<meta property=\"og:description\" content=\"IPT Home Confianza, profesionalidad y cercan\u00eda. Nuestro compromiso es acompa\u00f1arte con profesionalidad, respeto y calidez.\" \/>\n<meta property=\"og:url\" content=\"https:\/\/www.ipthome.es\/index.php\/sobre-nosotros\/\" \/>\n<meta property=\"og:site_name\" content=\"IPT Home\" \/>\n<meta property=\"article:publisher\" content=\"https:\/\/www.facebook.com\/profile.php?id=61586726740140\" \/>\n<meta property=\"article:modified_time\" content=\"2026-02-03T16:37:07+00:00\" \/>\n<meta name=\"twitter:card\" content=\"summary_large_image\" \/>\n<meta name=\"twitter:label1\" content=\"Tiempo de lectura\" \/>\n\t<meta name=\"twitter:data1\" content=\"2 minutos\" \/>\n<script type=\"application\/ld+json\" class=\"yoast-schema-graph\">{\"@context\":\"https:\/\/schema.org\",\"@graph\":[{\"@type\":\"WebPage\",\"@id\":\"https:\/\/www.ipthome.es\/index.php\/sobre-nosotros\/\",\"url\":\"https:\/\/www.ipthome.es\/index.php\/sobre-nosotros\/\",\"name\":\"Sobre Nosotros - IPT Home\",\"isPartOf\":{\"@id\":\"https:\/\/www.ipthome.es\/#website\"},\"datePublished\":\"2017-12-06T18:26:11+00:00\",\"dateModified\":\"2026-02-03T16:37:07+00:00\",\"description\":\"IPT Home Confianza, profesionalidad y cercan\u00eda. Nuestro compromiso es acompa\u00f1arte con profesionalidad, respeto y calidez.\",\"breadcrumb\":{\"@id\":\"https:\/\/www.ipthome.es\/index.php\/sobre-nosotros\/#breadcrumb\"},\"inLanguage\":\"es\",\"potentialAction\":[{\"@type\":\"ReadAction\",\"target\":[\"https:\/\/www.ipthome.es\/index.php\/sobre-nosotros\/\"]}]},{\"@type\":\"BreadcrumbList\",\"@id\":\"https:\/\/www.ipthome.es\/index.php\/sobre-nosotros\/#breadcrumb\",\"itemListElement\":[{\"@type\":\"ListItem\",\"position\":1,\"name\":\"Portada\",\"item\":\"https:\/\/www.ipthome.es\/\"},{\"@type\":\"ListItem\",\"position\":2,\"name\":\"Sobre Nosotros\"}]},{\"@type\":\"WebSite\",\"@id\":\"https:\/\/www.ipthome.es\/#website\",\"url\":\"https:\/\/www.ipthome.es\/\",\"name\":\"IPT Home\",\"description\":\"Residencia para universitarios en Murcia\",\"publisher\":{\"@id\":\"https:\/\/www.ipthome.es\/#organization\"},\"potentialAction\":[{\"@type\":\"SearchAction\",\"target\":{\"@type\":\"EntryPoint\",\"urlTemplate\":\"https:\/\/www.ipthome.es\/?s={search_term_string}\"},\"query-input\":{\"@type\":\"PropertyValueSpecification\",\"valueRequired\":true,\"valueName\":\"search_term_string\"}}],\"inLanguage\":\"es\"},{\"@type\":\"Organization\",\"@id\":\"https:\/\/www.ipthome.es\/#organization\",\"name\":\"IPT Home\",\"url\":\"https:\/\/www.ipthome.es\/\",\"logo\":{\"@type\":\"ImageObject\",\"inLanguage\":\"es\",\"@id\":\"https:\/\/www.ipthome.es\/#\/schema\/logo\/image\/\",\"url\":\"https:\/\/www.ipthome.es\/wp-content\/uploads\/2026\/02\/cropped-618097970_26698266703096222_6465661334911120549_n.jpg\",\"contentUrl\":\"https:\/\/www.ipthome.es\/wp-content\/uploads\/2026\/02\/cropped-618097970_26698266703096222_6465661334911120549_n.jpg\",\"width\":512,\"height\":512,\"caption\":\"IPT Home\"},\"image\":{\"@id\":\"https:\/\/www.ipthome.es\/#\/schema\/logo\/image\/\"},\"sameAs\":[\"https:\/\/www.facebook.com\/profile.php?id=61586726740140\"]}]}<\/script>\n<!-- \/ Yoast SEO plugin. -->","yoast_head_json":{"title":"Sobre Nosotros - IPT Home","description":"IPT Home Confianza, profesionalidad y cercan\u00eda. Nuestro compromiso es acompa\u00f1arte con profesionalidad, respeto y calidez.","robots":{"index":"index","follow":"follow","max-snippet":"max-snippet:-1","max-image-preview":"max-image-preview:large","max-video-preview":"max-video-preview:-1"},"canonical":"https:\/\/www.ipthome.es\/index.php\/sobre-nosotros\/","og_locale":"es_ES","og_type":"article","og_title":"Sobre Nosotros - IPT Home","og_description":"IPT Home Confianza, profesionalidad y cercan\u00eda. Nuestro compromiso es acompa\u00f1arte con profesionalidad, respeto y calidez.","og_url":"https:\/\/www.ipthome.es\/index.php\/sobre-nosotros\/","og_site_name":"IPT Home","article_publisher":"https:\/\/www.facebook.com\/profile.php?id=61586726740140","article_modified_time":"2026-02-03T16:37:07+00:00","twitter_card":"summary_large_image","twitter_misc":{"Tiempo de lectura":"2 minutos"},"schema":{"@context":"https:\/\/schema.org","@graph":[{"@type":"WebPage","@id":"https:\/\/www.ipthome.es\/index.php\/sobre-nosotros\/","url":"https:\/\/www.ipthome.es\/index.php\/sobre-nosotros\/","name":"Sobre Nosotros - IPT Home","isPartOf":{"@id":"https:\/\/www.ipthome.es\/#website"},"datePublished":"2017-12-06T18:26:11+00:00","dateModified":"2026-02-03T16:37:07+00:00","description":"IPT Home Confianza, profesionalidad y cercan\u00eda. Nuestro compromiso es acompa\u00f1arte con profesionalidad, respeto y calidez.","breadcrumb":{"@id":"https:\/\/www.ipthome.es\/index.php\/sobre-nosotros\/#breadcrumb"},"inLanguage":"es","potentialAction":[{"@type":"ReadAction","target":["https:\/\/www.ipthome.es\/index.php\/sobre-nosotros\/"]}]},{"@type":"BreadcrumbList","@id":"https:\/\/www.ipthome.es\/index.php\/sobre-nosotros\/#breadcrumb","itemListElement":[{"@type":"ListItem","position":1,"name":"Portada","item":"https:\/\/www.ipthome.es\/"},{"@type":"ListItem","position":2,"name":"Sobre Nosotros"}]},{"@type":"WebSite","@id":"https:\/\/www.ipthome.es\/#website","url":"https:\/\/www.ipthome.es\/","name":"IPT Home","description":"Residencia para universitarios en Murcia","publisher":{"@id":"https:\/\/www.ipthome.es\/#organization"},"potentialAction":[{"@type":"SearchAction","target":{"@type":"EntryPoint","urlTemplate":"https:\/\/www.ipthome.es\/?s={search_term_string}"},"query-input":{"@type":"PropertyValueSpecification","valueRequired":true,"valueName":"search_term_string"}}],"inLanguage":"es"},{"@type":"Organization","@id":"https:\/\/www.ipthome.es\/#organization","name":"IPT Home","url":"https:\/\/www.ipthome.es\/","logo":{"@type":"ImageObject","inLanguage":"es","@id":"https:\/\/www.ipthome.es\/#\/schema\/logo\/image\/","url":"https:\/\/www.ipthome.es\/wp-content\/uploads\/2026\/02\/cropped-618097970_26698266703096222_6465661334911120549_n.jpg","contentUrl":"https:\/\/www.ipthome.es\/wp-content\/uploads\/2026\/02\/cropped-618097970_26698266703096222_6465661334911120549_n.jpg","width":512,"height":512,"caption":"IPT Home"},"image":{"@id":"https:\/\/www.ipthome.es\/#\/schema\/logo\/image\/"},"sameAs":["https:\/\/www.facebook.com\/profile.php?id=61586726740140"]}]}},"_links":{"self":[{"href":"https:\/\/www.ipthome.es\/index.php\/wp-json\/wp\/v2\/pages\/136","targetHints":{"allow":["GET"]}}],"collection":[{"href":"https:\/\/www.ipthome.es\/index.php\/wp-json\/wp\/v2\/pages"}],"about":[{"href":"https:\/\/www.ipthome.es\/index.php\/wp-json\/wp\/v2\/types\/page"}],"author":[{"embeddable":true,"href":"https:\/\/www.ipthome.es\/index.php\/wp-json\/wp\/v2\/users\/1"}],"replies":[{"embeddable":true,"href":"https:\/\/www.ipthome.es\/index.php\/wp-json\/wp\/v2\/comments?post=136"}],"version-history":[{"count":4,"href":"https:\/\/www.ipthome.es\/index.php\/wp-json\/wp\/v2\/pages\/136\/revisions"}],"predecessor-version":[{"id":638,"href":"https:\/\/www.ipthome.es\/index.php\/wp-json\/wp\/v2\/pages\/136\/revisions\/638"}],"wp:attachment":[{"href":"https:\/\/www.ipthome.es\/index.php\/wp-json\/wp\/v2\/media?parent=136"}],"curies":[{"name":"wp","href":"https:\/\/api.w.org\/{rel}","templated":true}]}}